{"id":17,"date":"2024-03-26T14:09:18","date_gmt":"2024-03-26T13:09:18","guid":{"rendered":"https:\/\/ptitsbouts05.fr\/?page_id=17"},"modified":"2024-03-26T14:24:54","modified_gmt":"2024-03-26T13:24:54","slug":"lassociation","status":"publish","type":"page","link":"https:\/\/ptitsbouts05.fr\/index.php\/lassociation\/","title":{"rendered":"L&rsquo;association"},"content":{"rendered":"\n<p>Les P&rsquo;tits Bouts est une association de loi 1901 dont voici l&rsquo;objet : <\/p>\n\n\n\n<blockquote class=\"wp-block-quote is-layout-flow wp-block-quote-is-layout-flow\">\n<p>L\u2019association dite \u00ab\u00a0Les P\u2019tits Bouts\u00a0\u00bb, fond\u00e9e en mars 1989 et r\u00e9gie par la loi du 1 er juillet 1901, a pour objet de d\u00e9velopper et d\u2019animer des services destin\u00e9s \u00e0 la petite enfance et \u00e0 l\u2019enfance sur le territoire de la commune de Savines-le-Lac. Sa dur\u00e9e est illimit\u00e9e. Elle se donne \u00e9galement comme but la d\u00e9fense des int\u00e9r\u00eats mat\u00e9riels et moraux de ses familles adh\u00e9rentes.<\/p>\n<\/blockquote>\n\n\n\n<p>L&rsquo;association est membre d&rsquo;<a href=\"https:\/\/alpaje-acepp05.fr\/\">Alpaje, l&rsquo;ACEPP des Hautes-Alpes<\/a>.<\/p>\n\n\n\n<p><\/p>\n","protected":false},"excerpt":{"rendered":"<p>Les P&rsquo;tits Bouts est une association de loi 1901 dont voici l&rsquo;objet : L\u2019association dite \u00ab\u00a0Les P\u2019tits Bouts\u00a0\u00bb, fond\u00e9e en mars 1989 et r\u00e9gie par la loi du 1 er juillet 1901, a pour objet de d\u00e9velopper et d\u2019animer des services destin\u00e9s \u00e0 la petite enfance et \u00e0 l\u2019enfance sur le territoire de la commune [&hellip;]<\/p>\n","protected":false},"author":2,"featured_media":0,"parent":0,"menu_order":0,"comment_status":"closed","ping_status":"closed","template":"","meta":{"footnotes":""},"class_list":["post-17","page","type-page","status-publish","hentry"],"_links":{"self":[{"href":"https:\/\/ptitsbouts05.fr\/index.php\/wp-json\/wp\/v2\/pages\/17","targetHints":{"allow":["GET"]}}],"collection":[{"href":"https:\/\/ptitsbouts05.fr\/index.php\/wp-json\/wp\/v2\/pages"}],"about":[{"href":"https:\/\/ptitsbouts05.fr\/index.php\/wp-json\/wp\/v2\/types\/page"}],"author":[{"embeddable":true,"href":"https:\/\/ptitsbouts05.fr\/index.php\/wp-json\/wp\/v2\/users\/2"}],"replies":[{"embeddable":true,"href":"https:\/\/ptitsbouts05.fr\/index.php\/wp-json\/wp\/v2\/comments?post=17"}],"version-history":[{"count":3,"href":"https:\/\/ptitsbouts05.fr\/index.php\/wp-json\/wp\/v2\/pages\/17\/revisions"}],"predecessor-version":[{"id":34,"href":"https:\/\/ptitsbouts05.fr\/index.php\/wp-json\/wp\/v2\/pages\/17\/revisions\/34"}],"wp:attachment":[{"href":"https:\/\/ptitsbouts05.fr\/index.php\/wp-json\/wp\/v2\/media?parent=17"}],"curies":[{"name":"wp","href":"https:\/\/api.w.org\/{rel}","templated":true}]}}